{"id":1506,"date":"2023-06-14T14:52:56","date_gmt":"2023-06-14T14:52:56","guid":{"rendered":"http:\/\/webprojection.de\/?page_id=1506"},"modified":"2024-01-17T12:55:56","modified_gmt":"2024-01-17T12:55:56","slug":"commissions-auftragsarbeiten","status":"publish","type":"page","link":"http:\/\/webprojection.de\/?page_id=1506","title":{"rendered":"Commissions &#8211; Auftragsarbeiten"},"content":{"rendered":"\n<p><\/p>\n\n\n\n<p>How about a special and unique piece of art as a gift for a dear person or for yourself? Realizing a customer&#8217;s ideas, being with this person in thought and getting closer to their wish with every step is extremely special and exiting. Finishing this piece of art always makes me very proud.<\/p>\n\n\n\n<p>Wie w\u00e4re es mit einem besonderen und einzigartigen Kunstwerk als Geschenk f\u00fcr einen lieben Menschen oder f\u00fcr sich selbst? Eine Radierung nach den Vorstellungen eines anderen Menschen zu erstellen, in Gedanken bei dieser Person zu sein und mit jedem Schritt der Vorgabe n\u00e4her zu kommen, ist etwas ganz Besonderes und Spannendes. Die Fertigstellung eines solchen Werkes macht mich immer besonders stolz.<\/p>\n\n\n\n<p>View some commissions made of pets accoding to customer request using the drypoint technique. Die folgenden Kaltnadelradierungen wurden auf Kundenwunsch hin von dessen Haustieren gefertigt.<\/p>\n\n\n\n<div class=\"is-layout-flex wp-container-8 wp-block-columns\">\n<div class=\"is-layout-flow wp-block-column\" style=\"flex-basis:100%\">\n<div class=\"is-layout-flex wp-container-6 wp-block-columns\">\n<div class=\"is-layout-flow wp-block-column\">\n<figure class=\"is-layout-flex wp-block-gallery-1 wp-block-gallery has-nested-images columns-default is-cropped\">\n<figure class=\"wp-block-image size-large\"><img decoding=\"async\" loading=\"lazy\" width=\"1024\" height=\"576\" src=\"http:\/\/webprojection.de\/wp-content\/uploads\/2023\/06\/Auftrag-Radierung-Hund-2-1024x576.jpg\" alt=\"\" class=\"wp-image-1513\" srcset=\"http:\/\/webprojection.de\/wp-content\/uploads\/2023\/06\/Auftrag-Radierung-Hund-2-1024x576.jpg 1024w, http:\/\/webprojection.de\/wp-content\/uploads\/2023\/06\/Auftrag-Radierung-Hund-2-300x169.jpg 300w, http:\/\/webprojection.de\/wp-content\/uploads\/2023\/06\/Auftrag-Radierung-Hund-2-768x432.jpg 768w, http:\/\/webprojection.de\/wp-content\/uploads\/2023\/06\/Auftrag-Radierung-Hund-2.jpg 1080w\" sizes=\"(max-width: 1024px) 100vw, 1024px\" \/><\/figure>\n<\/figure>\n<\/div>\n\n\n\n<div class=\"is-layout-flow wp-block-column\">\n<figure class=\"wp-block-image size-large\"><img decoding=\"async\" loading=\"lazy\" width=\"1024\" height=\"576\" src=\"http:\/\/webprojection.de\/wp-content\/uploads\/2023\/06\/Auftrag-Radierung-Katze-1024x576.jpg\" alt=\"\" class=\"wp-image-1514\" srcset=\"http:\/\/webprojection.de\/wp-content\/uploads\/2023\/06\/Auftrag-Radierung-Katze-1024x576.jpg 1024w, http:\/\/webprojection.de\/wp-content\/uploads\/2023\/06\/Auftrag-Radierung-Katze-300x169.jpg 300w, http:\/\/webprojection.de\/wp-content\/uploads\/2023\/06\/Auftrag-Radierung-Katze-768x432.jpg 768w, http:\/\/webprojection.de\/wp-content\/uploads\/2023\/06\/Auftrag-Radierung-Katze.jpg 1080w\" sizes=\"(max-width: 1024px) 100vw, 1024px\" \/><\/figure>\n<\/div>\n\n\n\n<div class=\"is-layout-flow wp-block-column\">\n<figure class=\"wp-block-image size-large\"><img decoding=\"async\" loading=\"lazy\" width=\"1024\" height=\"576\" src=\"http:\/\/webprojection.de\/wp-content\/uploads\/2023\/06\/Auftrag-Radierung-Dackel-1024x576.jpg\" alt=\"\" class=\"wp-image-1515\" srcset=\"http:\/\/webprojection.de\/wp-content\/uploads\/2023\/06\/Auftrag-Radierung-Dackel-1024x576.jpg 1024w, http:\/\/webprojection.de\/wp-content\/uploads\/2023\/06\/Auftrag-Radierung-Dackel-300x169.jpg 300w, http:\/\/webprojection.de\/wp-content\/uploads\/2023\/06\/Auftrag-Radierung-Dackel-768x432.jpg 768w, http:\/\/webprojection.de\/wp-content\/uploads\/2023\/06\/Auftrag-Radierung-Dackel.jpg 1080w\" sizes=\"(max-width: 1024px) 100vw, 1024px\" \/><\/figure>\n<\/div>\n<\/div>\n<\/div>\n<\/div>\n\n\n\n<p>This combination of a mezzotint and intaglio print was developed with the customer as a wedding gift. Diese Kombination von Mezzotinto- und Kaltnadelradierung wurde mit dem Kunden als Hochzeitsgeschenk entwickelt.<\/p>\n\n\n\n<div class=\"is-layout-flex wp-container-13 wp-block-columns\">\n<div class=\"is-layout-flow wp-block-column\" style=\"flex-basis:100%\">\n<div class=\"is-layout-flex wp-container-11 wp-block-columns\">\n<div class=\"is-layout-flow wp-block-column\"><div class=\"wp-block-image\">\n<figure class=\"aligncenter size-large is-resized\"><img decoding=\"async\" loading=\"lazy\" src=\"http:\/\/webprojection.de\/wp-content\/uploads\/2023\/06\/hochzeitsgeschenk-Radierung1-1024x905.jpg\" alt=\"\" class=\"wp-image-1523\" width=\"320\" height=\"283\" srcset=\"http:\/\/webprojection.de\/wp-content\/uploads\/2023\/06\/hochzeitsgeschenk-Radierung1-1024x905.jpg 1024w, http:\/\/webprojection.de\/wp-content\/uploads\/2023\/06\/hochzeitsgeschenk-Radierung1-300x265.jpg 300w, http:\/\/webprojection.de\/wp-content\/uploads\/2023\/06\/hochzeitsgeschenk-Radierung1-768x679.jpg 768w, http:\/\/webprojection.de\/wp-content\/uploads\/2023\/06\/hochzeitsgeschenk-Radierung1.jpg 1080w\" sizes=\"(max-width: 320px) 100vw, 320px\" \/><\/figure><\/div><\/div>\n\n\n\n<div class=\"is-layout-flow wp-block-column\"><div class=\"wp-block-image\">\n<figure class=\"aligncenter size-large is-resized\"><img decoding=\"async\" loading=\"lazy\" src=\"http:\/\/webprojection.de\/wp-content\/uploads\/2023\/06\/HochzeitsgeschenkRadierung2-1024x759.jpg\" alt=\"\" class=\"wp-image-1532\" width=\"383\" height=\"283\" srcset=\"http:\/\/webprojection.de\/wp-content\/uploads\/2023\/06\/HochzeitsgeschenkRadierung2-1024x759.jpg 1024w, http:\/\/webprojection.de\/wp-content\/uploads\/2023\/06\/HochzeitsgeschenkRadierung2-300x223.jpg 300w, http:\/\/webprojection.de\/wp-content\/uploads\/2023\/06\/HochzeitsgeschenkRadierung2-768x570.jpg 768w, http:\/\/webprojection.de\/wp-content\/uploads\/2023\/06\/HochzeitsgeschenkRadierung2.jpg 1080w\" sizes=\"(max-width: 383px) 100vw, 383px\" \/><\/figure><\/div><\/div>\n<\/div>\n<\/div>\n<\/div>\n\n\n\n<p>Gift for a one year wedding anniversary consiting of original intaglio print, matching card and sticker:<\/p>\n\n\n\n<div class=\"is-layout-flex wp-container-17 wp-block-columns\">\n<div class=\"is-layout-flow wp-block-column\">\n<figure class=\"wp-block-image size-large\"><img decoding=\"async\" loading=\"lazy\" width=\"1024\" height=\"1024\" src=\"https:\/\/webprojection.de\/wp-content\/uploads\/2023\/10\/20231008_003649-1024x1024.jpg\" alt=\"\" class=\"wp-image-1697\" srcset=\"http:\/\/webprojection.de\/wp-content\/uploads\/2023\/10\/20231008_003649-1024x1024.jpg 1024w, http:\/\/webprojection.de\/wp-content\/uploads\/2023\/10\/20231008_003649-300x300.jpg 300w, http:\/\/webprojection.de\/wp-content\/uploads\/2023\/10\/20231008_003649-100x100.jpg 100w, http:\/\/webprojection.de\/wp-content\/uploads\/2023\/10\/20231008_003649-768x768.jpg 768w, http:\/\/webprojection.de\/wp-content\/uploads\/2023\/10\/20231008_003649-1536x1536.jpg 1536w, http:\/\/webprojection.de\/wp-content\/uploads\/2023\/10\/20231008_003649-2048x2048.jpg 2048w\" sizes=\"(max-width: 1024px) 100vw, 1024px\" \/><\/figure>\n<\/div>\n\n\n\n<div class=\"is-layout-flow wp-block-column\">\n<figure class=\"wp-block-image size-large\"><img decoding=\"async\" loading=\"lazy\" width=\"1024\" height=\"1024\" src=\"https:\/\/webprojection.de\/wp-content\/uploads\/2023\/10\/20231004_161137-1-1024x1024.jpg\" alt=\"\" class=\"wp-image-1694\" srcset=\"http:\/\/webprojection.de\/wp-content\/uploads\/2023\/10\/20231004_161137-1-1024x1024.jpg 1024w, http:\/\/webprojection.de\/wp-content\/uploads\/2023\/10\/20231004_161137-1-300x300.jpg 300w, http:\/\/webprojection.de\/wp-content\/uploads\/2023\/10\/20231004_161137-1-100x100.jpg 100w, http:\/\/webprojection.de\/wp-content\/uploads\/2023\/10\/20231004_161137-1-768x768.jpg 768w, http:\/\/webprojection.de\/wp-content\/uploads\/2023\/10\/20231004_161137-1-1536x1536.jpg 1536w, http:\/\/webprojection.de\/wp-content\/uploads\/2023\/10\/20231004_161137-1-2048x2048.jpg 2048w\" sizes=\"(max-width: 1024px) 100vw, 1024px\" \/><\/figure>\n<\/div>\n\n\n\n<div class=\"is-layout-flow wp-block-column\">\n<figure class=\"wp-block-image size-large\"><img decoding=\"async\" loading=\"lazy\" width=\"1024\" height=\"1024\" src=\"https:\/\/webprojection.de\/wp-content\/uploads\/2023\/10\/20231004_173723-1024x1024.jpg\" alt=\"\" class=\"wp-image-1680\" srcset=\"http:\/\/webprojection.de\/wp-content\/uploads\/2023\/10\/20231004_173723-1024x1024.jpg 1024w, http:\/\/webprojection.de\/wp-content\/uploads\/2023\/10\/20231004_173723-300x300.jpg 300w, http:\/\/webprojection.de\/wp-content\/uploads\/2023\/10\/20231004_173723-100x100.jpg 100w, http:\/\/webprojection.de\/wp-content\/uploads\/2023\/10\/20231004_173723-768x768.jpg 768w, http:\/\/webprojection.de\/wp-content\/uploads\/2023\/10\/20231004_173723-1536x1536.jpg 1536w, http:\/\/webprojection.de\/wp-content\/uploads\/2023\/10\/20231004_173723-2048x2048.jpg 2048w\" sizes=\"(max-width: 1024px) 100vw, 1024px\" \/><\/figure>\n<\/div>\n<\/div>\n\n\n<style id=\"kb-spacer_ef11f8-0e\">.wp-block-kadence-spacer.kt-block-spacer-_ef11f8-0e .kt-block-spacer{height:20px;}.wp-block-kadence-spacer.kt-block-spacer-_ef11f8-0e .kt-divider{width:80%;}<\/style>\n<div class=\"wp-block-kadence-spacer aligncenter kt-block-spacer-_ef11f8-0e\"><div class=\"kt-block-spacer kt-block-spacer-halign-center\"><hr class=\"kt-divider\"\/><\/div><\/div>\n\n\n\n<div class=\"wp-block-media-text alignwide is-stacked-on-mobile is-vertically-aligned-center\" style=\"grid-template-columns:30% auto\"><figure class=\"wp-block-media-text__media\"><img decoding=\"async\" loading=\"lazy\" width=\"1024\" height=\"1024\" src=\"https:\/\/webprojection.de\/wp-content\/uploads\/2024\/01\/IMG_20210326_211759_290-1-1024x1024.jpg\" alt=\"\" class=\"wp-image-2012 size-full\" srcset=\"http:\/\/webprojection.de\/wp-content\/uploads\/2024\/01\/IMG_20210326_211759_290-1-1024x1024.jpg 1024w, http:\/\/webprojection.de\/wp-content\/uploads\/2024\/01\/IMG_20210326_211759_290-1-300x300.jpg 300w, http:\/\/webprojection.de\/wp-content\/uploads\/2024\/01\/IMG_20210326_211759_290-1-100x100.jpg 100w, http:\/\/webprojection.de\/wp-content\/uploads\/2024\/01\/IMG_20210326_211759_290-1-768x768.jpg 768w, http:\/\/webprojection.de\/wp-content\/uploads\/2024\/01\/IMG_20210326_211759_290-1.jpg 1080w\" sizes=\"(max-width: 1024px) 100vw, 1024px\" \/><\/figure><div class=\"wp-block-media-text__content\"><style id=\"kb-spacer_c5b41f-1a\">.wp-block-kadence-spacer.kt-block-spacer-_c5b41f-1a .kt-divider{width:80%;}<\/style>\n<div class=\"wp-block-kadence-spacer aligncenter kt-block-spacer-_c5b41f-1a\"><div class=\"kt-block-spacer kt-block-spacer-halign-center\"><hr class=\"kt-divider\"\/><\/div><\/div>\n\n\n\n<p>Auch ein ganz individueller Kundenwunsch wird gerne erf\u00fcllt.<\/p>\n\n\n\n<p>Also, I&#8217;m happy to fulfil a special customer request.<\/p>\n<\/div><\/div>\n\n\n<style id=\"kb-spacer_056554-0f\">.wp-block-kadence-spacer.kt-block-spacer-_056554-0f .kt-divider{width:80%;}<\/style>\n<div class=\"wp-block-kadence-spacer aligncenter kt-block-spacer-_056554-0f\"><div class=\"kt-block-spacer kt-block-spacer-halign-center\"><hr class=\"kt-divider\"\/><\/div><\/div>\n\n\n\n<p>Please contact me via the <a href=\"http:\/\/webprojection.de\/?page_id=102\" data-type=\"URL\" data-id=\"http:\/\/webprojection.de\/?page_id=102\">contact form<\/a> for commissions. Anfragen bitte \u00fcber das <a href=\"http:\/\/webprojection.de\/?page_id=102\" data-type=\"URL\" data-id=\"http:\/\/webprojection.de\/?page_id=102\">Kontaktformular<\/a>.<\/p>\n","protected":false},"excerpt":{"rendered":"<p>How about a special and unique piece of art as a gift for a dear person or for yourself? Realizing a customer&#8217;s ideas, being with this person in thought and&hellip;<\/p>\n","protected":false},"author":1,"featured_media":0,"parent":0,"menu_order":0,"comment_status":"closed","ping_status":"closed","template":"","meta":{"_mo_disable_npp":""},"_links":{"self":[{"href":"http:\/\/webprojection.de\/index.php?rest_route=\/wp\/v2\/pages\/1506"}],"collection":[{"href":"http:\/\/webprojection.de\/index.php?rest_route=\/wp\/v2\/pages"}],"about":[{"href":"http:\/\/webprojection.de\/index.php?rest_route=\/wp\/v2\/types\/page"}],"author":[{"embeddable":true,"href":"http:\/\/webprojection.de\/index.php?rest_route=\/wp\/v2\/users\/1"}],"replies":[{"embeddable":true,"href":"http:\/\/webprojection.de\/index.php?rest_route=%2Fwp%2Fv2%2Fcomments&post=1506"}],"version-history":[{"count":35,"href":"http:\/\/webprojection.de\/index.php?rest_route=\/wp\/v2\/pages\/1506\/revisions"}],"predecessor-version":[{"id":2028,"href":"http:\/\/webprojection.de\/index.php?rest_route=\/wp\/v2\/pages\/1506\/revisions\/2028"}],"wp:attachment":[{"href":"http:\/\/webprojection.de\/index.php?rest_route=%2Fwp%2Fv2%2Fmedia&parent=1506"}],"curies":[{"name":"wp","href":"https:\/\/api.w.org\/{rel}","templated":true}]}}